{"id":6399,"date":"2024-02-25T20:27:54","date_gmt":"2024-02-25T19:27:54","guid":{"rendered":"https:\/\/adctivoli.org\/?page_id=6399"},"modified":"2024-02-25T20:29:07","modified_gmt":"2024-02-25T19:29:07","slug":"informativa-privacy","status":"publish","type":"page","link":"https:\/\/adctivoli.org\/?page_id=6399","title":{"rendered":"Informativa Privacy"},"content":{"rendered":"<section class=\"wpb-content-wrapper\"><p>[vc_row content_width=&#8221;grid&#8221; anchor=&#8221;about&#8221; content_aligment=&#8221;center&#8221; css=&#8221;.vc_custom_1702740886798{padding-top: 30px !important;padding-right: 30px !important;padding-bottom: 41px !important;padding-left: 30px !important;background-color: #ffffff !important;}&#8221; el_class=&#8221;custom-row-class&#8221;][vc_column][vc_empty_space height=&#8221;20px&#8221;][vc_column_text css_animation=&#8221;bounceIn&#8221;]<strong>INFORMATIVA ex art.13 del Regolamento (UE) 2016\/679<\/strong><\/p>\n<p>Gentile aspirante socio\/a,<\/p>\n<p>la informiamo che la ADC (Associazione Dottori Commercialisti e degli Esperti Contabili sez. Tivoli in proseguo chiamata \u00a0Adc\u00a0 tivoli ) in qualit\u00e0 di Titolare e Responsabile, del trattamento ai sensi del Regolamento UE 2016\/679 di immediata applicazione anche in Italia, in attesa del Decreto previsto della Legge Comunitaria n. 163\/2017 che prevede la tutela delle persone e di altri soggetti rispetto al trattamento dei dati personali, tratter\u00e0 i suoi dati personali, identificativi e anagrafici secondo i principi di correttezza, liceit\u00e0 e trasparenza e di tutela della Sua riservatezza e dei Suoi diritti.<\/p>\n<p>Ai sensi dell\u2019art. 13 del DGPR con le seguenti modalit\u00e0:<\/p>\n<ul>\n<li><strong>Figure che intervengono<\/strong><\/li>\n<\/ul>\n<p><strong>Interessato<\/strong>\u00a0\u2013 Colui che conferisce i propri dati personali ed al quale la presente informativa \u00e8 rivolta;<\/p>\n<p><strong>Titolare del trattamento<\/strong>\u00a0\u2013 ADC TIVOLI che raccoglie il dato e lo elabora, archivia o trasmette;<\/p>\n<p><strong>Responsabile del trattamento<\/strong>\u00a0\u2013 L\u2019eventuale incaricato del trattamento;<\/p>\n<p><strong>Terzo che riceve il dato<\/strong>\u00a0\u2013 Colui al quale il dato \u00e8 conferito.<\/p>\n<ul>\n<li><strong>Modalit\u00e0 di trattamento<\/strong><\/li>\n<\/ul>\n<p>La raccolta ed il trattamento dei Suoi dati personali avranno luogo, dopo il Suo consenso. Il trattamento potr\u00e0 avvenire anche con l\u2019ausilio di mezzi cartacei, elettronici, informatici o via web per le operazioni indicate dall\u2019art. 4 del Codice e dall\u2019art. 4 n.2 del GDPR quali: registrazione, organizzazione, consultazione, elaborazione, modificazione, estrazione, utilizzo, comunicazione, cancellazione. Verranno conservati in luoghi chiusi, la cui chiave sar\u00e0 conservata dal Presidente \u2026\u2026\u2026. e su un PC posto presso la sede dell\u2019associazione dotato di firewall, antivirus e backup periodico. Il trattamento consister\u00e0 nella raccolta, registrazione, elaborazione, utilizzo, blocco, comunicazione, cancellazione e distruzione dei dati.<\/p>\n<ul>\n<li><strong>Finalit\u00e0 del trattamento<\/strong><\/li>\n<\/ul>\n<p>Il trattamento, a seguito del Suo consenso, \u00e8 finalizzato alla gestione della Sua richiesta di iscrizione alla Adc tivoli ai sensi dello Statuto, all\u2019inserimento nel libro dei soci,\u00a0 alla partecipazione alle attivit\u00e0 proposte da adc Tivoli. All\u2019indirizzo mail, che indicher\u00e0 in sede di richiesta di iscrizione, saranno inviate comunicazioni relative alle attivit\u00e0 istituzionali.<\/p>\n<ul>\n<li><strong>Dati sensibili<\/strong><\/li>\n<\/ul>\n<p>Il trattamento tratter\u00e0 principalmente i dati personali non rientranti nel novero dei dati sensibili (<em>origine razziale ed etnica, convinzione religiose, filosofiche o altro, le opinioni politiche, l\u2019adesione a partiti, sindacati o associazioni nonch\u00e9 i dati personali idonei a rilevare lo stato di salute e la vita sessuale)<\/em>. I dati sanitari sono conservati a cura del medico di base o dello sport che avr\u00e0 rilasciato il certificato di idoneit\u00e0 sportiva agonistica o non agonistica che provveder\u00e0 al loro trattamento. La\u00a0adc tivoli limiter\u00e0 alla mera conservazione dei certificati per il periodo di validit\u00e0 dopodich\u00e9 provveder\u00e0 alla loro distruzione.<\/p>\n<ul>\n<li><\/li>\n<li><strong>Obbligatoriet\u00e0 del conferimento<\/strong><\/li>\n<\/ul>\n<p>Il conferimento \u00e8 necessario ed obbligatorio per le citate finalit\u00e0 ed il diniego comporter\u00e0 l\u2019impossibilit\u00e0 di procedere con la sua ammissione a socio presso la nostra Adc Tivoli<\/p>\n<p>C<strong>omunicazione dei dati<\/strong><\/p>\n<p>I dati da Lei forniti verranno trattati dalla Adc Tivoli comunicati esclusivamente\u00a0 per le finalit\u00e0 istituzionali conseguenti, necessarie per il tesseramento e per lo svolgimento delle attivit\u00e0 sportive con tali organismi. Gli stessi agiranno in piena autonomia in qualit\u00e0 di Responsabili del trattamento per i rispettivi adempimenti di competenza. Inoltre i dati stessi, a richiesta, saranno comunicati a Pubbliche Amministrazioni per fini di legge.<\/p>\n<ul>\n<li><strong>Luogo e modalit\u00e0 di conservazione<\/strong><\/li>\n<\/ul>\n<p>I dati personali saranno conservati, dal Titolare del trattamento, su supporto cartaceo e\/o su server informatici, in luoghi di norma ubicati all\u2019interno della Comunit\u00e0 Europea. A richiesta dell\u2019interessato, in riferimento a quella data, verranno comunicati gli indirizzi di conservazione.<\/p>\n<ul>\n<li><strong>Periodo di conservazione dei dati<\/strong><\/li>\n<\/ul>\n<p>I suoi dati saranno conservati per tutto il tempo necessario previsto dalla normativa vigente\u00a0 e dalle disposizioni civilistiche e fiscali. Gli stessi saranno archiviati in file protetti per il periodo previsto dalle normative di legge, ed al termine distrutti.<\/p>\n<ul>\n<li><strong>Base normativa<\/strong><\/li>\n<\/ul>\n<p>Il conferimento dei dati \u00e8 obbligatorio per il raggiungimento delle finalit\u00e0 istituzionali dell\u2019Adc Tivoli ed \u00e8 quindi indispensabile per l\u2019accoglimento della sua domanda di ammissione a socio.<\/p>\n<p>L\u2019eventuale rifiuto a fornirli comporta l\u2019impossibilit\u00e0 di accogliere la Sua domanda di iscrizione e tesseramento, non essendo in tale ipotesi possibile instaurare il rapporto associativo previsto dallo statuto <strong>Diritti dell\u2019interessato<\/strong><\/p>\n<p>In ogni momento Lei potr\u00e0 esercitare i suoi diritti con specifica istanza, da inviare alla Adc Tivoli, attraverso il Titolare del trattamento, tramite raccomandata o PEC, potr\u00e0 conoscere quali sono i\u00a0 Suoi dati personali in possesso della Adc tivoli, chiederne la modifica, la rettifica o la distruzione. Inoltre potr\u00e0 completarli, aggiornarli o richiederne copia. Eventuali richieste di copie su supporto cartaceo non ritirate presso la sede dell\u2019Adc tivoli saranno soggette a contributo spese di invio. Potr\u00e0 inoltre, con le stesse modalit\u00e0, revocare il consenso, opporsi al trattamento di tutti o parte dei dati, o chiederne l\u2019invio a terzi da Lei indicati. Potr\u00e0 proporre reclami al Garante per la protezione dei dati personali qualora ritenesse violati i Suoi diritti.[\/vc_column_text][\/vc_column][\/vc_row][vc_row][vc_column width=&#8221;1\/2&#8243;][vc_column_text]<\/p>\n<h2>Per informazioni e richieste:<\/h2>\n<p>[\/vc_column_text]<div class=\"wpforms-container wpforms-container-full wpforms-render-modern\" id=\"wpforms-6275\"><form id=\"wpforms-form-6275\" class=\"wpforms-validate wpforms-form wpforms-ajax-form\" data-formid=\"6275\" method=\"post\" enctype=\"multipart\/form-data\" action=\"\/index.php?rest_route=%2Fwp%2Fv2%2Fpages%2F6399\" data-token=\"0b1639741e5772f83686adb809bde8cd\" data-token-time=\"1775626380\"><noscript class=\"wpforms-error-noscript\">Abilita JavaScript nel browser per completare questo modulo.<\/noscript><div class=\"wpforms-hidden\" id=\"wpforms-error-noscript\">Abilita JavaScript nel browser per completare questo modulo.<\/div><div class=\"wpforms-field-container\"><div id=\"wpforms-6275-field_0-container\" class=\"wpforms-field wpforms-field-name\" data-field-id=\"0\"><label class=\"wpforms-field-label\" for=\"wpforms-6275-field_0\">Nome e Cognome <span class=\"wpforms-required-label\" aria-hidden=\"true\">*<\/span><\/label><input type=\"text\" id=\"wpforms-6275-field_0\" class=\"wpforms-field-medium wpforms-field-required\" name=\"wpforms[fields][0]\" aria-errormessage=\"wpforms-6275-field_0-error\" required><\/div><div id=\"wpforms-6275-field_1-container\" class=\"wpforms-field wpforms-field-email\" data-field-id=\"1\"><label class=\"wpforms-field-label\" for=\"wpforms-6275-field_1\">Email <span class=\"wpforms-required-label\" aria-hidden=\"true\">*<\/span><\/label><input type=\"email\" id=\"wpforms-6275-field_1\" class=\"wpforms-field-medium wpforms-field-required\" name=\"wpforms[fields][1]\" spellcheck=\"false\" aria-errormessage=\"wpforms-6275-field_1-error\" required><\/div><div id=\"wpforms-6275-field_2-container\" class=\"wpforms-field wpforms-field-textarea\" data-field-id=\"2\"><label class=\"wpforms-field-label\" for=\"wpforms-6275-field_2\">Messaggio<\/label><textarea id=\"wpforms-6275-field_2\" class=\"wpforms-field-medium\" name=\"wpforms[fields][2]\" aria-errormessage=\"wpforms-6275-field_2-error\" ><\/textarea><\/div><\/div><!-- .wpforms-field-container --><div class=\"wpforms-recaptcha-container wpforms-is-recaptcha wpforms-is-recaptcha-type-v2\" ><div class=\"g-recaptcha\" data-sitekey=\"6LdHQMMqAAAAADPJ2uJZlj8FEZdguQ8yxQjntjH6\"><\/div><input type=\"text\" name=\"g-recaptcha-hidden\" class=\"wpforms-recaptcha-hidden\" style=\"position:absolute!important;clip:rect(0,0,0,0)!important;height:1px!important;width:1px!important;border:0!important;overflow:hidden!important;padding:0!important;margin:0!important;\" data-rule-recaptcha=\"1\"><\/div><div class=\"wpforms-submit-container\" ><input type=\"hidden\" name=\"wpforms[id]\" value=\"6275\"><input type=\"hidden\" name=\"page_title\" value=\"\"><input type=\"hidden\" name=\"page_url\" value=\"https:\/\/adctivoli.org\/index.php?rest_route=\/wp\/v2\/pages\/6399\"><button type=\"submit\" name=\"wpforms[submit]\" id=\"wpforms-submit-6275\" class=\"wpforms-submit\" data-alt-text=\"Invio in corso...\" data-submit-text=\"Invia\" aria-live=\"assertive\" value=\"wpforms-submit\">Invia<\/button><img loading=\"lazy\" decoding=\"async\" src=\"https:\/\/adctivoli.org\/wp-content\/plugins\/wpforms-lite\/assets\/images\/submit-spin.svg\" class=\"wpforms-submit-spinner\" style=\"display: none;\" width=\"26\" height=\"26\" alt=\"Caricamento\"><\/div><\/form><\/div>  <!-- .wpforms-container -->[\/vc_column][vc_column width=&#8221;1\/2&#8243;][vc_column_text]<\/p>\n<h2>Dove trovarci, le sede di Tivoli:<\/h2>\n<p>[\/vc_column_text][vc_column_text]Via Colleferro, 117 ,<\/p>\n<p>00012 Guidonia Montecelio RM<\/p>\n<p>&nbsp;<\/p>\n<p><strong>Email:<\/strong> adc.sezionetivoli@gmail.com<\/p>\n<p><strong>Telefono:<\/strong> 0774 331915[\/vc_column_text][vc_empty_space][vc_single_image image=&#8221;6272&#8243; img_size=&#8221;full&#8221; alignment=&#8221;center&#8221; onclick=&#8221;link_image&#8221; css_animation=&#8221;fadeIn&#8221;][\/vc_column][\/vc_row][vc_row][vc_column][vc_empty_space height=&#8221;60px&#8221;][\/vc_column][\/vc_row]<\/p>\n<\/section>","protected":false},"excerpt":{"rendered":"<p>[vc_row content_width=&#8221;grid&#8221; anchor=&#8221;about&#8221; content_aligment=&#8221;center&#8221; css=&#8221;.vc_custom_1702740886798{padding-top: 30px !important;padding-right: 30px !important;padding-bottom: 41px !important;padding-left: 30px !important;background-color: #ffffff !important;}&#8221; el_class=&#8221;custom-row-class&#8221;][vc_column][vc_empty_space height=&#8221;20px&#8221;][vc_column_text css_animation=&#8221;bounceIn&#8221;]INFORMATIVA ex art.13 del Regolamento (UE) 2016\/679 Gentile aspirante socio\/a, la informiamo che la ADC (Associazione Dottori Commercialisti e degli Esperti Contabili sez. Tivoli in proseguo chiamata \u00a0Adc\u00a0 tivoli ) in qualit\u00e0 di Titolare e Responsabile, del trattamento ai sensi del Regolamento UE 2016\/679 di immediata applicazione anche in Italia, in attesa del Decreto previsto della Legge Comunitaria n. 163\/2017 che prevede la tutela delle persone e di altri soggetti rispetto al trattamento dei dati personali, tratter\u00e0 i suoi dati personali, identificativi e anagrafici secondo i principi di correttezza, liceit\u00e0 e trasparenza e di tutela della Sua riservatezza e dei Suoi diritti. Ai sensi dell\u2019art. 13 del DGPR con le seguenti modalit\u00e0: Figure che intervengono Interessato\u00a0\u2013 Colui che conferisce i propri dati personali ed al quale la presente informativa \u00e8 rivolta; Titolare del&#8230;<\/p>\n","protected":false},"author":1,"featured_media":0,"parent":0,"menu_order":0,"comment_status":"closed","ping_status":"closed","template":"","meta":{"ngg_post_thumbnail":0,"footnotes":""},"class_list":["post-6399","page","type-page","status-publish","hentry"],"_links":{"self":[{"href":"https:\/\/adctivoli.org\/index.php?rest_route=\/wp\/v2\/pages\/6399","targetHints":{"allow":["GET"]}}],"collection":[{"href":"https:\/\/adctivoli.org\/index.php?rest_route=\/wp\/v2\/pages"}],"about":[{"href":"https:\/\/adctivoli.org\/index.php?rest_route=\/wp\/v2\/types\/page"}],"author":[{"embeddable":true,"href":"https:\/\/adctivoli.org\/index.php?rest_route=\/wp\/v2\/users\/1"}],"replies":[{"embeddable":true,"href":"https:\/\/adctivoli.org\/index.php?rest_route=%2Fwp%2Fv2%2Fcomments&post=6399"}],"version-history":[{"count":2,"href":"https:\/\/adctivoli.org\/index.php?rest_route=\/wp\/v2\/pages\/6399\/revisions"}],"predecessor-version":[{"id":6401,"href":"https:\/\/adctivoli.org\/index.php?rest_route=\/wp\/v2\/pages\/6399\/revisions\/6401"}],"wp:attachment":[{"href":"https:\/\/adctivoli.org\/index.php?rest_route=%2Fwp%2Fv2%2Fmedia&parent=6399"}],"curies":[{"name":"wp","href":"https:\/\/api.w.org\/{rel}","templated":true}]}}